{"id":1694,"date":"2024-11-29T08:51:47","date_gmt":"2024-11-29T08:51:47","guid":{"rendered":"https:\/\/www.infosa.com\/actuacions\/"},"modified":"2025-04-10T08:54:58","modified_gmt":"2025-04-10T08:54:58","slug":"actuacions","status":"publish","type":"page","link":"https:\/\/www.infosa.com\/ca\/actuacions\/","title":{"rendered":"Actuacions"},"content":{"rendered":"<div class=\"wpb-content-wrapper\"><p>[vc_section css=&#8221;.vc_custom_1732870373294{background-image: url(https:\/\/www.infosa.com\/wp-content\/uploads\/2022\/07\/infosa-empresa.jpg?id=568) !important;background-position: center !important;background-repeat: no-repeat !important;background-size: cover !important;}&#8221; el_class=&#8221;section&#8211;first&#8221;][vc_row][vc_column][vc_column_text]<\/p>\n<h1 style=\"text-align: center;\">Actuacions Ambientals<\/h1>\n<p>[\/vc_column_text][\/vc_column][\/vc_row][\/vc_section][vc_section][vc_row][vc_column][vc_column_text]<\/p>\n<h3><strong>Valla anti Depredadors<\/strong><\/h3>\n<p>[\/vc_column_text][\/vc_column][\/vc_row][vc_row][vc_column width=&#8221;1\/2&#8243;][vc_column_text]INFOSA implementa, amb el suport de la Generalitat de Catalunya i del Departament d&#8217;Acci\u00f3 Clim\u00e0tica, Alimentaci\u00f3 i Agenda Rural, com a mesura ambiental compensat\u00f2ria la instal\u00b7laci\u00f3 d&#8217;un tancat a l\u2019extrem sud del Trabucador a l\u2019entrada de les Salines de la Trinitat (Sant Carles de la R\u00e0pita, Tarragona, Delta de l\u2019Ebre) per dissuadir la colonitzaci\u00f3 de predadors terrestres a la Reserva Natural Parcial de la Punta de la Banya. Per INFOSA \u00e9s priorit\u00e0ria la conservaci\u00f3 dels valors ambientals que alberguen les Salines de la Trinitat i totes les mesures per protegir el patrimoni d\u2019esp\u00e8cies protegides s\u00f3n necess\u00e0ries. L\u2019objectiu \u00e9s que la tanca eviti l&#8217;entrada de depredadors terrestres i les diferents esp\u00e8cies tinguin un espai segur per poder nidificar i criar.[\/vc_column_text][\/vc_column][vc_column width=&#8221;1\/2&#8243;][vc_single_image image=&#8221;1683&#8243; img_size=&#8221;full&#8221; alignment=&#8221;center&#8221; el_class=&#8221;image-full&#8221;][\/vc_column][\/vc_row][\/vc_section][vc_row][vc_column][vc_column_text]<\/p>\n<p style=\"text-align: center;\">Amb el suport de:<\/p>\n<p>[\/vc_column_text][\/vc_column][\/vc_row][vc_row][vc_column width=&#8221;1\/4&#8243;][\/vc_column][vc_column width=&#8221;1\/4&#8243;][vc_single_image image=&#8221;1675&#8243; img_size=&#8221;full&#8221;][\/vc_column][vc_column width=&#8221;1\/4&#8243;][vc_single_image image=&#8221;1679&#8243; img_size=&#8221;full&#8221;][\/vc_column][vc_column width=&#8221;1\/4&#8243;][\/vc_column][\/vc_row][vc_row][vc_column][vc_column_text]<\/p>\n<h3><strong>Restauraci\u00f3n y delimitaci\u00f3n del espacio en las salinas<\/strong><\/h3>\n<p>[\/vc_column_text][\/vc_column][\/vc_row][vc_row][vc_column width=&#8221;1\/2&#8243;][vc_column_text]L&#8217;any 2022, en\u00a0Infosa\u00a0duem a terme un projecte clau per a preservar i millorar l&#8217;equilibri de les nostres salines. Amb el suport de la Generalitat de Catalunya i el Departament d&#8217;Acci\u00f3 Clim\u00e0tica, Alimentaci\u00f3 i Agenda Rural, treballem en la restauraci\u00f3 i delimitaci\u00f3 de l&#8217;\u00e0rea productiva, assegurant la seva sostenibilitat tant des del punt de vista ambiental com econ\u00f2mic.<\/p>\n<p>Aquesta intervenci\u00f3 ha perm\u00e8s refor\u00e7ar l&#8217;estructura de l&#8217;espai, protegint-lo de factors externs i afavorint la conservaci\u00f3 del seu ecosistema \u00fanic. A m\u00e9s, garanteix una gesti\u00f3 m\u00e9s eficient de la producci\u00f3 salinera, mantenint la qualitat i puresa de la sal, al mateix temps que es protegeix l&#8217;h\u00e0bitat de nombroses esp\u00e8cies que troben en les salines un entorn privilegiat.<\/p>\n<p>Amb aquest projecte, reafirmem el nostre comprom\u00eds amb la producci\u00f3 responsable i la conservaci\u00f3 de l&#8217;entorn natural que fa possible el nostre treball.[\/vc_column_text][\/vc_column][vc_column width=&#8221;1\/2&#8243;][vc_single_image image=&#8221;1808&#8243;][\/vc_column][\/vc_row][vc_row][vc_column][vc_column_text]<\/p>\n<p style=\"text-align: center;\">Amb el suport de:<\/p>\n<p>[\/vc_column_text][\/vc_column][\/vc_row][vc_row][vc_column width=&#8221;1\/4&#8243;][\/vc_column][vc_column width=&#8221;1\/4&#8243;][vc_single_image image=&#8221;1676&#8243; img_size=&#8221;full&#8221;][\/vc_column][vc_column width=&#8221;1\/4&#8243;][vc_single_image image=&#8221;1680&#8243; img_size=&#8221;full&#8221;][\/vc_column][vc_column width=&#8221;1\/4&#8243;][\/vc_column][\/vc_row][vc_row][vc_column][vc_column_text]<\/p>\n<h3>Neteja integral del per\u00edmetre de les salines<\/h3>\n<p>[\/vc_column_text][\/vc_column][\/vc_row][vc_row][vc_column width=&#8221;1\/2&#8243;][vc_column_text]<\/p>\n<div class=\"traductor-textarea form-group\">\n<div class=\"textarea-desti col-xs-12 col-sm-6\">\n<div class=\"form-control second-textarea\">\n<p>En 2024, duem a terme una acci\u00f3 de neteja en tot el per\u00edmetre de les salines, una actuaci\u00f3 que mai abans s&#8217;havia realitzat. Durant tres setmanes intensives de treball, aconseguim recollir un total de 7 contenidors d&#8217;escombraries marines, la qual cosa equival a 35 metres c\u00fabics de deixalles extretes de les Salines de la\u00a0Trinitat. Aquest esfor\u00e7 ha tingut un gran impacte, millorant considerablement l&#8217;estat del nostre espai natural preferit i protegint els ecosistemes que depenen d&#8217;ell.<\/p>\n<p>La col\u00b7laboraci\u00f3 amb la\u00a0Associaci\u00f3\u00a0Grup\u00a0d&#8217;Acci\u00f3\u00a0Local\u00a0Terres\u00a0de l&#8217;Ebre\u00a0va ser clau per a dur a terme aquesta intervenci\u00f3, i el seu suport va permetre que la neteja es realitz\u00e9s de manera eficient, contribuint al benestar ambiental de la zona i ajudant a mantenir la salina en condicions \u00f2ptimes per a la producci\u00f3 salinera i la conservaci\u00f3 de la biodiversitat local.<\/p>\n<p>Amb aquesta acci\u00f3, continuem el nostre comprom\u00eds amb la preservaci\u00f3 de la naturalesa i la millora de l&#8217;entorn de les salines, assegurant un futur m\u00e9s net i sostenible per a tots.<\/p>\n<\/div>\n<\/div>\n<\/div>\n<p>[\/vc_column_text][\/vc_column][vc_column width=&#8221;1\/2&#8243;][vc_single_image image=&#8221;1792&#8243; img_size=&#8221;full&#8221;][\/vc_column][\/vc_row][vc_row][vc_column][vc_column_text]<\/p>\n<p style=\"text-align: center;\">Amb el suport de:<\/p>\n<p>[\/vc_column_text][\/vc_column][\/vc_row][vc_row][vc_column width=&#8221;1\/3&#8243;][vc_single_image image=&#8221;1800&#8243; img_size=&#8221;medium&#8221;][\/vc_column][vc_column width=&#8221;1\/3&#8243;][vc_single_image image=&#8221;1676&#8243; img_size=&#8221;full&#8221;][\/vc_column][vc_column width=&#8221;1\/3&#8243;][vc_single_image image=&#8221;1796&#8243; img_size=&#8221;medium&#8221;][\/vc_column][\/vc_row]<\/p>\n<\/div>","protected":false},"excerpt":{"rendered":"<p>[vc_section css=&#8221;.vc_custom_1732870373294{background-image: url(https:\/\/www.infosa.com\/wp-content\/uploads\/2022\/07\/infosa-empresa.jpg?id=568) !important;background-position: center !important;background-repeat: no-repeat !important;background-size: cover !important;}&#8221; el_class=&#8221;section&#8211;first&#8221;][vc_row][vc_column][vc_column_text] Actuacions Ambientals [\/vc_column_text][\/vc_column][\/vc_row][\/vc_section][vc_section][vc_row][vc_column][vc_column_text] Valla anti Depredadors [\/vc_column_text][\/vc_column][\/vc_row][vc_row][vc_column width=&#8221;1\/2&#8243;][vc_column_text]INFOSA implementa, amb el suport de la Generalitat de Catalunya i del Departament d&#8217;Acci\u00f3 Clim\u00e0tica, Alimentaci\u00f3 i Agenda Rural, com a mesura ambiental compensat\u00f2ria la instal\u00b7laci\u00f3 d&#8217;un tancat a l\u2019extrem sud del Trabucador a l\u2019entrada de les [&hellip;]<\/p>\n","protected":false},"author":34,"featured_media":0,"parent":0,"menu_order":0,"comment_status":"closed","ping_status":"closed","template":"","meta":{"_acf_changed":false,"_uag_custom_page_level_css":"","footnotes":""},"class_list":["post-1694","page","type-page","status-publish","hentry"],"acf":[],"yoast_head":"<!-- This site is optimized with the Yoast SEO plugin v27.4 - https:\/\/yoast.com\/product\/yoast-seo-wordpress\/ -->\n<title>Actuacions - Infosa<\/title>\n<meta name=\"robots\" content=\"index, follow, max-snippet:-1, max-image-preview:large, max-video-preview:-1\" \/>\n<link rel=\"canonical\" href=\"https:\/\/www.infosa.com\/ca\/actuacions\/\" \/>\n<meta property=\"og:locale\" content=\"ca_ES\" \/>\n<meta property=\"og:type\" content=\"article\" \/>\n<meta property=\"og:title\" content=\"Actuacions - Infosa\" \/>\n<meta property=\"og:description\" content=\"[vc_section css=&#8221;.vc_custom_1732870373294{background-image: url(https:\/\/www.infosa.com\/wp-content\/uploads\/2022\/07\/infosa-empresa.jpg?id=568) !important;background-position: center !important;background-repeat: no-repeat !important;background-size: cover !important;}&#8221; el_class=&#8221;section&#8211;first&#8221;][vc_row][vc_column][vc_column_text] Actuacions Ambientals [\/vc_column_text][\/vc_column][\/vc_row][\/vc_section][vc_section][vc_row][vc_column][vc_column_text] Valla anti Depredadors [\/vc_column_text][\/vc_column][\/vc_row][vc_row][vc_column width=&#8221;1\/2&#8243;][vc_column_text]INFOSA implementa, amb el suport de la Generalitat de Catalunya i del Departament d&#8217;Acci\u00f3 Clim\u00e0tica, Alimentaci\u00f3 i Agenda Rural, com a mesura ambiental compensat\u00f2ria la instal\u00b7laci\u00f3 d&#8217;un tancat a l\u2019extrem sud del Trabucador a l\u2019entrada de les [&hellip;]\" \/>\n<meta property=\"og:url\" content=\"https:\/\/www.infosa.com\/ca\/actuacions\/\" \/>\n<meta property=\"og:site_name\" content=\"Infosa\" \/>\n<meta property=\"article:modified_time\" content=\"2025-04-10T08:54:58+00:00\" \/>\n<meta name=\"twitter:card\" content=\"summary_large_image\" \/>\n<meta name=\"twitter:label1\" content=\"Temps estimat de lectura\" \/>\n\t<meta name=\"twitter:data1\" content=\"5 minutes\" \/>\n<script type=\"application\/ld+json\" class=\"yoast-schema-graph\">{\"@context\":\"https:\\\/\\\/schema.org\",\"@graph\":[{\"@type\":\"WebPage\",\"@id\":\"https:\\\/\\\/www.infosa.com\\\/ca\\\/actuacions\\\/\",\"url\":\"https:\\\/\\\/www.infosa.com\\\/ca\\\/actuacions\\\/\",\"name\":\"Actuacions - Infosa\",\"isPartOf\":{\"@id\":\"https:\\\/\\\/www.infosa.com\\\/ca\\\/#website\"},\"datePublished\":\"2024-11-29T08:51:47+00:00\",\"dateModified\":\"2025-04-10T08:54:58+00:00\",\"inLanguage\":\"ca\",\"potentialAction\":[{\"@type\":\"ReadAction\",\"target\":[\"https:\\\/\\\/www.infosa.com\\\/ca\\\/actuacions\\\/\"]}]},{\"@type\":\"WebSite\",\"@id\":\"https:\\\/\\\/www.infosa.com\\\/ca\\\/#website\",\"url\":\"https:\\\/\\\/www.infosa.com\\\/ca\\\/\",\"name\":\"Infosa\",\"description\":\"Empresa Productora de Sal Marina del Mediterr\u00e1neo\",\"potentialAction\":[{\"@type\":\"SearchAction\",\"target\":{\"@type\":\"EntryPoint\",\"urlTemplate\":\"https:\\\/\\\/www.infosa.com\\\/ca\\\/?s={search_term_string}\"},\"query-input\":{\"@type\":\"PropertyValueSpecification\",\"valueRequired\":true,\"valueName\":\"search_term_string\"}}],\"inLanguage\":\"ca\"}]}<\/script>\n<!-- \/ Yoast SEO plugin. -->","yoast_head_json":{"title":"Actuacions - Infosa","robots":{"index":"index","follow":"follow","max-snippet":"max-snippet:-1","max-image-preview":"max-image-preview:large","max-video-preview":"max-video-preview:-1"},"canonical":"https:\/\/www.infosa.com\/ca\/actuacions\/","og_locale":"ca_ES","og_type":"article","og_title":"Actuacions - Infosa","og_description":"[vc_section css=&#8221;.vc_custom_1732870373294{background-image: url(https:\/\/www.infosa.com\/wp-content\/uploads\/2022\/07\/infosa-empresa.jpg?id=568) !important;background-position: center !important;background-repeat: no-repeat !important;background-size: cover !important;}&#8221; el_class=&#8221;section&#8211;first&#8221;][vc_row][vc_column][vc_column_text] Actuacions Ambientals [\/vc_column_text][\/vc_column][\/vc_row][\/vc_section][vc_section][vc_row][vc_column][vc_column_text] Valla anti Depredadors [\/vc_column_text][\/vc_column][\/vc_row][vc_row][vc_column width=&#8221;1\/2&#8243;][vc_column_text]INFOSA implementa, amb el suport de la Generalitat de Catalunya i del Departament d&#8217;Acci\u00f3 Clim\u00e0tica, Alimentaci\u00f3 i Agenda Rural, com a mesura ambiental compensat\u00f2ria la instal\u00b7laci\u00f3 d&#8217;un tancat a l\u2019extrem sud del Trabucador a l\u2019entrada de les [&hellip;]","og_url":"https:\/\/www.infosa.com\/ca\/actuacions\/","og_site_name":"Infosa","article_modified_time":"2025-04-10T08:54:58+00:00","twitter_card":"summary_large_image","twitter_misc":{"Temps estimat de lectura":"5 minutes"},"schema":{"@context":"https:\/\/schema.org","@graph":[{"@type":"WebPage","@id":"https:\/\/www.infosa.com\/ca\/actuacions\/","url":"https:\/\/www.infosa.com\/ca\/actuacions\/","name":"Actuacions - Infosa","isPartOf":{"@id":"https:\/\/www.infosa.com\/ca\/#website"},"datePublished":"2024-11-29T08:51:47+00:00","dateModified":"2025-04-10T08:54:58+00:00","inLanguage":"ca","potentialAction":[{"@type":"ReadAction","target":["https:\/\/www.infosa.com\/ca\/actuacions\/"]}]},{"@type":"WebSite","@id":"https:\/\/www.infosa.com\/ca\/#website","url":"https:\/\/www.infosa.com\/ca\/","name":"Infosa","description":"Empresa Productora de Sal Marina del Mediterr\u00e1neo","potentialAction":[{"@type":"SearchAction","target":{"@type":"EntryPoint","urlTemplate":"https:\/\/www.infosa.com\/ca\/?s={search_term_string}"},"query-input":{"@type":"PropertyValueSpecification","valueRequired":true,"valueName":"search_term_string"}}],"inLanguage":"ca"}]}},"uagb_featured_image_src":{"full":false,"thumbnail":false,"medium":false,"medium_large":false,"large":false,"1536x1536":false,"2048x2048":false},"uagb_author_info":{"display_name":"Social Media","author_link":"https:\/\/www.infosa.com\/ca\/author\/social-media\/"},"uagb_comment_info":0,"uagb_excerpt":"[vc_section css=&#8221;.vc_custom_1732870373294{background-image: url(https:\/\/www.infosa.com\/wp-content\/uploads\/2022\/07\/infosa-empresa.jpg?id=568) !important;background-position: center !important;background-repeat: no-repeat !important;background-size: cover !important;}&#8221; el_class=&#8221;section&#8211;first&#8221;][vc_row][vc_column][vc_column_text] Actuacions Ambientals [\/vc_column_text][\/vc_column][\/vc_row][\/vc_section][vc_section][vc_row][vc_column][vc_column_text] Valla anti Depredadors [\/vc_column_text][\/vc_column][\/vc_row][vc_row][vc_column width=&#8221;1\/2&#8243;][vc_column_text]INFOSA implementa, amb el suport de la Generalitat de Catalunya i del Departament d&#8217;Acci\u00f3 Clim\u00e0tica, Alimentaci\u00f3 i Agenda Rural, com a mesura ambiental compensat\u00f2ria la instal\u00b7laci\u00f3 d&#8217;un tancat a l\u2019extrem sud del Trabucador a l\u2019entrada de les&hellip;","_links":{"self":[{"href":"https:\/\/www.infosa.com\/ca\/wp-json\/wp\/v2\/pages\/1694","targetHints":{"allow":["GET"]}}],"collection":[{"href":"https:\/\/www.infosa.com\/ca\/wp-json\/wp\/v2\/pages"}],"about":[{"href":"https:\/\/www.infosa.com\/ca\/wp-json\/wp\/v2\/types\/page"}],"author":[{"embeddable":true,"href":"https:\/\/www.infosa.com\/ca\/wp-json\/wp\/v2\/users\/34"}],"replies":[{"embeddable":true,"href":"https:\/\/www.infosa.com\/ca\/wp-json\/wp\/v2\/comments?post=1694"}],"version-history":[{"count":3,"href":"https:\/\/www.infosa.com\/ca\/wp-json\/wp\/v2\/pages\/1694\/revisions"}],"predecessor-version":[{"id":1816,"href":"https:\/\/www.infosa.com\/ca\/wp-json\/wp\/v2\/pages\/1694\/revisions\/1816"}],"wp:attachment":[{"href":"https:\/\/www.infosa.com\/ca\/wp-json\/wp\/v2\/media?parent=1694"}],"curies":[{"name":"wp","href":"https:\/\/api.w.org\/{rel}","templated":true}]}}